{"id":43,"date":"2021-08-12T09:09:49","date_gmt":"2021-08-12T09:09:49","guid":{"rendered":"https:\/\/welder.com.pl\/about\/"},"modified":"2021-08-17T17:20:54","modified_gmt":"2021-08-17T17:20:54","slug":"about","status":"publish","type":"page","link":"https:\/\/welder.com.pl\/?page_id=43","title":{"rendered":"O nas"},"content":{"rendered":"\n\n\n\n<p style=\"text-align: left;\"><span style=\"color: rgb(0, 0, 0);\">Firma WELDER powsta\u0142a w 2014 i od tamtej pory zajmuj\u0119 si\u0119 kompleksowymi us\u0142ugami z dziedziny instalacji i mechaniki przemys\u0142owej. Swoj\u0105 dzia\u0142alno\u015b\u0107 rozpoczynali\u015bmy od modernizacji uk\u0142ad\u00f3w sterowania pieca do produkcji blachy transformatorowej oraz wykonywania instalacji elektrycznych w halach przemys\u0142owych i budynkach. Dynamiczny rozw\u00f3j firmy pozwoli\u0142 stworzy\u0107 zesp\u00f3\u0142 ludzi kt\u00f3rzy cechuj\u0105 si\u0119 najwy\u017csz\u0105 jako\u015bci\u0105 wykonywanych us\u0142ug oraz zaanga\u017cowanie w powierzone zlecenia. Do naszych specjalizacji nale\u017cy monta\u017c linii rozlewniczych, produkcyjnych oraz magazynowych najwi\u0119kszych producent\u00f3w zagranicznych.&nbsp;<\/span><br><\/p>\n<p class=\"MsoNormal\"><span style=\"color: black;\">W obecnej czasie nasza firma realizujemy projekty na ca\u0142ym \u015bwiecie z takich dziedzin jak:<o:p><\/o:p><\/span><\/p><p class=\"MsoNormal\"><span style=\"color: black;\"><span style=\"color:#0066cc;\">\u2022 <\/span>instalacje elektryczne<o:p><\/o:p><\/span><\/p><p class=\"MsoNormal\"><span style=\"color: rgb(0, 102, 204);\">\u2022<\/span><span style=\"color: black;\">&nbsp;prace serwisowe<o:p><\/o:p><\/span><\/p><p class=\"MsoNormal\"><span style=\"color: rgb(0, 102, 204);\">\u2022<\/span><span style=\"color: black;\">&nbsp;instalacje hydrauliczne<o:p><\/o:p><\/span><\/p><p class=\"MsoNormal\"><span style=\"color: rgb(0, 102, 204);\">\u2022<\/span><span style=\"color: black;\">&nbsp;prace spawalnicze<o:p><\/o:p><\/span><\/p><p class=\"MsoNormal\"><span style=\"color: rgb(0, 102, 204);\">\u2022<\/span><span style=\"color: black;\">&nbsp;mechanika i automatyka przemys\u0142owa<o:p><\/o:p><\/span><\/p><p class=\"MsoNormal\"><span style=\"color: rgb(0, 102, 204);\">\u2022<\/span><span style=\"color: black;\">&nbsp;relokacje maszyn i urz\u0105dze\u0144<o:p><\/o:p><\/span><\/p><p><\/p><p class=\"MsoNormal\"><span style=\"color: rgb(0, 102, 204);\">\u2022<\/span><span style=\"color: black;\">&nbsp;monta\u017c instalacji przeciw po\u017carowych<\/span><\/p>\n\n\n\n\n\n\n","protected":false},"excerpt":{"rendered":"","protected":false},"author":0,"featured_media":0,"parent":0,"menu_order":0,"comment_status":"closed","ping_status":"open","template":"","meta":{"pagelayer_contact_templates":[],"_pagelayer_content":"","footnotes":""},"class_list":["post-43","page","type-page","status-publish","hentry"],"_links":{"self":[{"href":"https:\/\/welder.com.pl\/index.php?rest_route=\/wp\/v2\/pages\/43","targetHints":{"allow":["GET"]}}],"collection":[{"href":"https:\/\/welder.com.pl\/index.php?rest_route=\/wp\/v2\/pages"}],"about":[{"href":"https:\/\/welder.com.pl\/index.php?rest_route=\/wp\/v2\/types\/page"}],"replies":[{"embeddable":true,"href":"https:\/\/welder.com.pl\/index.php?rest_route=%2Fwp%2Fv2%2Fcomments&post=43"}],"version-history":[{"count":5,"href":"https:\/\/welder.com.pl\/index.php?rest_route=\/wp\/v2\/pages\/43\/revisions"}],"predecessor-version":[{"id":140,"href":"https:\/\/welder.com.pl\/index.php?rest_route=\/wp\/v2\/pages\/43\/revisions\/140"}],"wp:attachment":[{"href":"https:\/\/welder.com.pl\/index.php?rest_route=%2Fwp%2Fv2%2Fmedia&parent=43"}],"curies":[{"name":"wp","href":"https:\/\/api.w.org\/{rel}","templated":true}]}}