{"id":41,"date":"2021-08-12T09:09:49","date_gmt":"2021-08-12T09:09:49","guid":{"rendered":"https:\/\/welder.com.pl\/service\/"},"modified":"2021-08-17T19:23:02","modified_gmt":"2021-08-17T19:23:02","slug":"service","status":"publish","type":"page","link":"https:\/\/welder.com.pl\/?page_id=41","title":{"rendered":"Oferta"},"content":{"rendered":"\n\n\n<h2>Co oferujemy?<\/h2>\n\n\n\n<p>Wykonujemy kompleksowe monta\u017ce instalacji i urz\u0105dze\u0144 elektrycznych na liniach produkcyjnych w r\u00f3\u017cnych bran\u017cach. Wykonujemy instalacje elektryczne dla hal przemys\u0142owych oraz r\u00f3\u017cnego rodzaju budynk\u00f3w. Zakres naszych prac obejmuje tak\u017ce monta\u017c instalacji przeciwpo\u017carowych.&nbsp;<\/p>\n\n\n<p>Od lat zajmujemy si\u0119 profesjonalnymi pracami w zakresie spawania r\u00f3\u017cnego typu metalu<\/p>\n\n\n<p>Zajmujemy si\u0119 profesjonalnymi relokacjami maszyn wewn\u0105trz hali wed\u0142ug wytycznych, za\u0142adunkami i roz\u0142adunkami maszyn z tira.<\/p>\n\n\n\n\n\n\n<h2>Us\u0142ugi Serwisowe<\/h2>\n\n<p>Od lat zajmujemy si\u0119 wszelako rozumianymi us\u0142ugami serwisowymi przy urz\u0105dzeniach przemys\u0142owych.<\/p>\n\n\n<p>W tym:<\/p><p>Naprawa element\u00f3w<\/p><p>Wymiana element\u00f3w maszyn<\/p><p>Naprawa lub wymiana uszkodzen<br><\/p>\n\n\n<p>Efektywna praca maszyny zale\u017cy w sporej mierze nie tylko od poprawnego u\u017cytkowania, ale tak\u017ce od regularnej konserwacji podzespo\u0142\u00f3w. Czynno\u015b\u0107 ta powinna by\u0107 maksymalnie efektywna, a tak\u017ce nie przyczynia\u0107 si\u0119 do zbyt d\u0142ugich przestoj\u00f3w pracy.<\/p>\n\n\n<p>Modernizacja urz\u0105dze\u0144 przemys\u0142owych w firmie to niezb\u0119dny proces, kt\u00f3ry powinien by\u0107 uwzgl\u0119dniony w planie dzia\u0142ania ka\u017cdego przedsi\u0119biorstwa.&nbsp; Dzi\u0119ki tego rodzaju dzia\u0142aniom poprawi si\u0119 efektywno\u015b\u0107 dzia\u0142u produkcyjnego oraz jako\u015b\u0107 wykonywanych prac.<\/p>\n\n\n\n\n","protected":false},"excerpt":{"rendered":"","protected":false},"author":0,"featured_media":0,"parent":0,"menu_order":0,"comment_status":"closed","ping_status":"open","template":"","meta":{"pagelayer_contact_templates":[],"_pagelayer_content":"","footnotes":""},"class_list":["post-41","page","type-page","status-publish","hentry"],"_links":{"self":[{"href":"https:\/\/welder.com.pl\/index.php?rest_route=\/wp\/v2\/pages\/41","targetHints":{"allow":["GET"]}}],"collection":[{"href":"https:\/\/welder.com.pl\/index.php?rest_route=\/wp\/v2\/pages"}],"about":[{"href":"https:\/\/welder.com.pl\/index.php?rest_route=\/wp\/v2\/types\/page"}],"replies":[{"embeddable":true,"href":"https:\/\/welder.com.pl\/index.php?rest_route=%2Fwp%2Fv2%2Fcomments&post=41"}],"version-history":[{"count":11,"href":"https:\/\/welder.com.pl\/index.php?rest_route=\/wp\/v2\/pages\/41\/revisions"}],"predecessor-version":[{"id":144,"href":"https:\/\/welder.com.pl\/index.php?rest_route=\/wp\/v2\/pages\/41\/revisions\/144"}],"wp:attachment":[{"href":"https:\/\/welder.com.pl\/index.php?rest_route=%2Fwp%2Fv2%2Fmedia&parent=41"}],"curies":[{"name":"wp","href":"https:\/\/api.w.org\/{rel}","templated":true}]}}