{"id":40,"date":"2021-08-12T09:09:49","date_gmt":"2021-08-12T09:09:49","guid":{"rendered":"https:\/\/welder.com.pl\/contact\/"},"modified":"2021-09-22T19:07:04","modified_gmt":"2021-09-22T19:07:04","slug":"contact","status":"publish","type":"page","link":"https:\/\/welder.com.pl\/?page_id=40","title":{"rendered":"Kontakt"},"content":{"rendered":"\n\n\n<h2>Skontaktuj si\u0119 z nami<\/h2>\n\n\n\n\n<p><strong style=\"color: rgb(0, 102, 204);\">Nip:<\/strong>&nbsp;868 184 19 85<\/p>\n\n\n\n\n\n\nGaw\u0142\u00f3w 140, 32-711 Gaw\u0142\u00f3w\n\n\n","protected":false},"excerpt":{"rendered":"","protected":false},"author":0,"featured_media":0,"parent":0,"menu_order":0,"comment_status":"closed","ping_status":"open","template":"","meta":{"pagelayer_contact_templates":[],"_pagelayer_content":"","footnotes":""},"class_list":["post-40","page","type-page","status-publish","hentry"],"_links":{"self":[{"href":"https:\/\/welder.com.pl\/index.php?rest_route=\/wp\/v2\/pages\/40","targetHints":{"allow":["GET"]}}],"collection":[{"href":"https:\/\/welder.com.pl\/index.php?rest_route=\/wp\/v2\/pages"}],"about":[{"href":"https:\/\/welder.com.pl\/index.php?rest_route=\/wp\/v2\/types\/page"}],"replies":[{"embeddable":true,"href":"https:\/\/welder.com.pl\/index.php?rest_route=%2Fwp%2Fv2%2Fcomments&post=40"}],"version-history":[{"count":6,"href":"https:\/\/welder.com.pl\/index.php?rest_route=\/wp\/v2\/pages\/40\/revisions"}],"predecessor-version":[{"id":150,"href":"https:\/\/welder.com.pl\/index.php?rest_route=\/wp\/v2\/pages\/40\/revisions\/150"}],"wp:attachment":[{"href":"https:\/\/welder.com.pl\/index.php?rest_route=%2Fwp%2Fv2%2Fmedia&parent=40"}],"curies":[{"name":"wp","href":"https:\/\/api.w.org\/{rel}","templated":true}]}}