{"id":17408,"date":"2025-09-19T10:45:16","date_gmt":"2025-09-19T10:45:16","guid":{"rendered":"https:\/\/welder.com.pl\/?page_id=17408"},"modified":"2025-09-30T16:53:16","modified_gmt":"2025-09-30T16:53:16","slug":"home-2","status":"publish","type":"page","link":"https:\/\/welder.com.pl\/","title":{"rendered":"Home"},"content":{"rendered":"\n\n\nWELDER \u2013 redefiniujemy standardy przemys\u0142u\n\nKa\u017cde zlecenie traktujemy indywidualnie, \u0142\u0105cz\u0105c nowoczesne technologie z najwy\u017csz\u0105 jako\u015bci\u0105 wykonania. Tworzymy przestrze\u0144, w kt\u00f3rej precyzja spotyka si\u0119 z niezawodno\u015bci\u0105, a innowacyjne podej\u015bcie gwarantuje trwa\u0142e efekty. Zesp\u00f3\u0142 naszych specjalist\u00f3w to pasja, zaanga\u017cowanie i profesjonalizm, kt\u00f3re sprawiaj\u0105, \u017ce powierzaj\u0105c nam sw\u00f3j projekt, mo\u017cesz by\u0107 pewien doskona\u0142ego rezultatu.\n\n\n\n\n\n\n\n\n\n\n\n\n<h6>O nas<\/h6>\nWejd\u017a w now\u0105 er\u0119 innowacji i niezawodno\u015bci.\n\nOd 2014 roku firma WELDER realizuje projekty na ca\u0142ym \u015bwiecie, dostarczaj\u0105c kompleksowe rozwi\u0105zania w zakresie instalacji elektrycznych, hydraulicznych, prac serwisowych, spawalniczych oraz mechaniki i automatyki przemys\u0142owej. Nasze do\u015bwiadczenie obejmuje r\u00f3wnie\u017c relokacje maszyn i urz\u0105dze\u0144 oraz monta\u017c linii produkcyjnych, rozlewniczych i magazynowych dla najwi\u0119kszych mi\u0119dzynarodowych producent\u00f3w.\n\n\n\n\nNasze Us\u0142ugi\n\n\n\n<p class=\"MsoNormal\" style=\"padding: 0px; overflow-wrap: break-word; font-family: Muli;\"><span style=\"padding: 0px; margin: 0px; overflow-wrap: break-word; color: black;\">\u2022 monta\u017c tras korytowych<o:p style=\"padding: 0px; margin: 0px; overflow-wrap: break-word;\"><\/o:p><\/span><\/p><p class=\"MsoNormal\" style=\"padding: 0px; overflow-wrap: break-word; font-family: Muli;\"><span style=\"padding: 0px; margin: 0px; overflow-wrap: break-word; color: black;\">\u2022 okablowanie i \u0142\u0105czenie<o:p style=\"padding: 0px; margin: 0px; overflow-wrap: break-word;\"><\/o:p><\/span><\/p><p class=\"MsoNormal\" style=\"padding: 0px; overflow-wrap: break-word; font-family: Muli;\"><span style=\"padding: 0px; margin: 0px; overflow-wrap: break-word; color: black;\">\u2022 prefabrykacja szaf sterowniczych<\/span><\/p>\n\n\n<p class=\"MsoNormal\" style=\"padding: 0px; overflow-wrap: break-word; font-family: Muli;\"><span style=\"padding: 0px; margin: 0px; overflow-wrap: break-word; color: black;\">\u2022 pomiary elektryczne<o:p style=\"padding: 0px; margin: 0px; overflow-wrap: break-word;\"><\/o:p><\/span><\/p><p class=\"MsoNormal\" style=\"padding: 0px; overflow-wrap: break-word; font-family: Muli;\"><span style=\"padding: 0px; margin: 0px; overflow-wrap: break-word; color: black;\">\u2022 mechanika i relokacje maszyn<o:p style=\"padding: 0px; margin: 0px; overflow-wrap: break-word;\"><\/o:p><\/span><\/p><p class=\"MsoNormal\" style=\"padding: 0px; overflow-wrap: break-word; font-family: Muli;\"><span style=\"padding: 0px; margin: 0px; overflow-wrap: break-word; color: black;\">\u2022 monta\u017c linii produkcyjnych<\/span><\/p>\n\n\n<p class=\"MsoNormal\" style=\"padding: 0px; overflow-wrap: break-word; font-family: Muli;\"><span style=\"padding: 0px; margin: 0px; overflow-wrap: break-word; color: black;\">\u2022 monta\u017c instalacji pneumatycznych i hydraulicznych<o:p style=\"padding: 0px; margin: 0px; overflow-wrap: break-word;\"><\/o:p><\/span><\/p><p class=\"MsoNormal\" style=\"padding: 0px; overflow-wrap: break-word; font-family: Muli;\"><span style=\"padding: 0px; margin: 0px; overflow-wrap: break-word; color: black;\">\u2022 budowa i modernizacja maszyn i urz\u0105dze\u0144<o:p style=\"padding: 0px; margin: 0px; overflow-wrap: break-word;\"><\/o:p><\/span><\/p><p style=\"padding: 0px; overflow-wrap: break-word; font-family: Muli;\"><\/p><p class=\"MsoNormal\" style=\"padding: 0px; overflow-wrap: break-word; font-family: Muli;\"><span style=\"padding: 0px; margin: 0px; overflow-wrap: break-word; color: black;\">\u2022 spawanie konstrukcji stalowych i nierdzewnych<\/span><\/p>\n\n\n\n\n\n\n<h2>Z WELDER Twoje pomys\u0142y zyskuj\u0105 realny kszta\u0142t.<\/h2>\n\n<p style=\"text-align: center;color:white\">Firma WELDER od 2014 roku realizuje projekty przemys\u0142owe w Polsce i za granic\u0105. Nasz\u0105 specjalno\u015bci\u0105 s\u0105 instalacje elektryczne, mechanika i automatyka przemys\u0142owa, a tak\u017ce monta\u017c i modernizacja linii produkcyjnych.\n\nZajmujemy si\u0119 m.in.:\n\u2022 monta\u017cem tras korytowych, okablowaniem i prefabrykacj\u0105 szaf sterowniczych,\n\u2022 pomiarami elektrycznymi, instalacjami pneumatycznymi i hydraulicznymi,\n\u2022 budow\u0105, modernizacj\u0105 i relokacj\u0105 maszyn oraz urz\u0105dze\u0144,\n\u2022 spawaniem konstrukcji stalowych i nierdzewnych.\n\nOd pierwszego etapu prac po finalne uruchomienie zapewniamy precyzj\u0119, solidno\u015b\u0107 i pe\u0142ne zaanga\u017cowanie. Nasz zesp\u00f3\u0142 specjalist\u00f3w \u0142\u0105czy do\u015bwiadczenie z praktycznym podej\u015bciem, dzi\u0119ki czemu nawet najbardziej wymagaj\u0105ce projekty realizujemy sprawnie i na najwy\u017cszym poziomie.<br><\/p>\n\n\n\n\n\n<h2>Nasze Realizacje<\/h2>\n\n\n\n\n\n\n\n\n\n\n\n\n\n\n\n\n\n\n\n\n\n","protected":false},"excerpt":{"rendered":"","protected":false},"author":1,"featured_media":0,"parent":0,"menu_order":0,"comment_status":"closed","ping_status":"closed","template":"","meta":{"pagelayer_contact_templates":[],"_pagelayer_content":"","footnotes":""},"class_list":["post-17408","page","type-page","status-publish","hentry"],"_links":{"self":[{"href":"https:\/\/welder.com.pl\/index.php?rest_route=\/wp\/v2\/pages\/17408","targetHints":{"allow":["GET"]}}],"collection":[{"href":"https:\/\/welder.com.pl\/index.php?rest_route=\/wp\/v2\/pages"}],"about":[{"href":"https:\/\/welder.com.pl\/index.php?rest_route=\/wp\/v2\/types\/page"}],"author":[{"embeddable":true,"href":"https:\/\/welder.com.pl\/index.php?rest_route=\/wp\/v2\/users\/1"}],"replies":[{"embeddable":true,"href":"https:\/\/welder.com.pl\/index.php?rest_route=%2Fwp%2Fv2%2Fcomments&post=17408"}],"version-history":[{"count":7,"href":"https:\/\/welder.com.pl\/index.php?rest_route=\/wp\/v2\/pages\/17408\/revisions"}],"predecessor-version":[{"id":17469,"href":"https:\/\/welder.com.pl\/index.php?rest_route=\/wp\/v2\/pages\/17408\/revisions\/17469"}],"wp:attachment":[{"href":"https:\/\/welder.com.pl\/index.php?rest_route=%2Fwp%2Fv2%2Fmedia&parent=17408"}],"curies":[{"name":"wp","href":"https:\/\/api.w.org\/{rel}","templated":true}]}}