{"id":157,"date":"2023-10-17T04:39:36","date_gmt":"2023-10-17T04:39:36","guid":{"rendered":"https:\/\/welder.com.pl\/?page_id=157"},"modified":"2023-11-08T18:10:19","modified_gmt":"2023-11-08T18:10:19","slug":"kariera","status":"publish","type":"page","link":"https:\/\/welder.com.pl\/?page_id=157","title":{"rendered":"Kariera"},"content":{"rendered":"\n\n\nWELDER przyk\u0142ada szczeg\u00f3ln\u0105 wag\u0119 do doboru pracownik\u00f3w, zatrudniaj\u0105c najw\u0142a\u015bciwsze osoby do realizacji powierzonych im zada\u0144. Daje pracownikom mo\u017cliwo\u015b\u0107 rozwoju zawodowego, z kt\u00f3rego mog\u0105 czerpa\u0107 inspiracj\u0119 i energi\u0119 do dalszych dzia\u0142a\u0144 oraz oferuje szereg benefit\u00f3w pracowniczych. \n\n<br>\n<br>\nZainteresowanych tworzeniem sukcesu WELDER zapraszamy do zapoznania si\u0119 z aktualnymi ofertami pracy i z\u0142o\u017cenia aplikacji.Zapoznaj si\u0119 z informacj\u0105 na temat. PRZETWARZANIA DANYCH OSOBOWYCH W REKRUTACJI\n\n\n\n\n<h5 style=\"color: rgb(98, 95, 93);\"><strong style=\"color: rgb(0, 0, 0);\">Elektr<span style=\"color:#625f5d;\"><\/span><span style=\"color:625f5d;\"><span style=\"\"><\/span><\/span>yk \/ Monter<\/strong><\/h5>\n\n<p><\/p><p><strong>Oferujemy:<\/strong><\/p><ul style=\"color: rgb(136, 136, 136);\"><li>Atrakcyjne formy wynagrodzenia<\/li><li>Stabilno\u015b\u0107 zatrudnienia<\/li><li>Mo\u017cliwo\u015b\u0107 rozwoju<\/li><li>Szkolenia w celu podniesienia kwalifikacji zawodowych<\/li><li>Ciekaw\u0105 prac\u0119 na terenie UE i poza ni\u0105<\/li><li>Uczestniczenie w realizacji du\u017cych projekt\u00f3w w do\u015bwiadczonym zespole<\/li><\/ul><p><\/p>\n<p><\/p><p><strong>Wymagania:<\/strong><\/p><ul style=\"color: rgb(136, 136, 136);\"><li>Praca poza miejscem zamieszkania \u2013 warunek konieczny<\/li><li>Umiej\u0119tno\u015b\u0107 uk\u0142adania i pod\u0142\u0105czania przewod\u00f3w zasilaj\u0105cych i sterowniczych Umiej\u0119tno\u015b\u0107 czytania schemat\u00f3w elektrycznych<\/li><li>Znajomo\u015b\u0107 monta\u017cu tras kablowych<\/li><li>Do\u015bwiadczenie na podobnym stanowisku j. niemiecki lub j.angielski b\u0119dzie dodatkowym atutem<\/li><li>SEP 1kV<\/li><li>Prawo jazdy kat.B<\/li><\/ul><p><\/p>\n<h3>Je\u017celi chcesz do nas do\u0142\u0105czy\u0107 wype\u0142nij poni\u017cszy formularz<\/h3>\n\n\n<div class=\"wpcf7 no-js\" id=\"wpcf7-f166-o1\" lang=\"pl-PL\" dir=\"ltr\" data-wpcf7-id=\"166\">\n<div class=\"screen-reader-response\"><p role=\"status\" aria-live=\"polite\" aria-atomic=\"true\"><\/p> <ul><\/ul><\/div>\n<form action=\"\/index.php?rest_route=%2Fwp%2Fv2%2Fpages%2F157#wpcf7-f166-o1\" method=\"post\" class=\"wpcf7-form init\" aria-label=\"Formularz kontaktowy\" enctype=\"multipart\/form-data\" novalidate=\"novalidate\" data-status=\"init\">\n<fieldset class=\"hidden-fields-container\"><input type=\"hidden\" name=\"_wpcf7\" value=\"166\" \/><input type=\"hidden\" name=\"_wpcf7_version\" value=\"6.1.2\" \/><input type=\"hidden\" name=\"_wpcf7_locale\" value=\"pl_PL\" \/><input type=\"hidden\" name=\"_wpcf7_unit_tag\" value=\"wpcf7-f166-o1\" \/><input type=\"hidden\" name=\"_wpcf7_container_post\" value=\"0\" \/><input type=\"hidden\" name=\"_wpcf7_posted_data_hash\" value=\"\" \/>\n<\/fieldset>\n<div class=\"grid-1-1\">\n\t<p><span class=\"wpcf7-form-control-wrap\" data-name=\"your-email\"><input size=\"40\" maxlength=\"400\" class=\"wpcf7-form-control wpcf7-text wpcf7-validates-as-required\" aria-required=\"true\" aria-invalid=\"false\" placeholder=\"Tw\u00f3j Email*\" value=\"\" type=\"text\" name=\"your-email\" \/><\/span>\n\t<\/p>\n\t<p><span class=\"wpcf7-form-control-wrap\" data-name=\"your-phone\"><input size=\"40\" maxlength=\"400\" class=\"wpcf7-form-control wpcf7-text wpcf7-validates-as-required\" aria-required=\"true\" aria-invalid=\"false\" placeholder=\"Tw\u00f3j Telefon*\" value=\"\" type=\"text\" name=\"your-phone\" \/><\/span>\n\t<\/p>\n<\/div>\n<p><label> Twoje CV *<br \/>\n<span class=\"wpcf7-form-control-wrap\" data-name=\"file-522\"><input size=\"40\" class=\"wpcf7-form-control wpcf7-file wpcf7-validates-as-required\" accept=\"audio\/*,video\/*,image\/*\" aria-required=\"true\" aria-invalid=\"false\" type=\"file\" name=\"file-522\" \/><\/span> <\/label>\n<\/p>\n<p><label><br \/>\n<span class=\"wpcf7-form-control-wrap\" data-name=\"acceptance-1\"><span class=\"wpcf7-form-control wpcf7-acceptance\"><span class=\"wpcf7-list-item\"><label><input type=\"checkbox\" name=\"acceptance-1\" value=\"1\" aria-invalid=\"false\" \/><span class=\"wpcf7-list-item-label\">*Podanie danych jest dobrowolne, ale niezb\u0119dne do przetworzenia wiadomo\u015bci. Masz prawo do dost\u0119pu do swoich danych, ich sprostowania, usuni\u0119cia, ograniczenia przetwarzania, wniesienia sprzeciwu wobec przetwarzania oraz przeniesienia danych.<\/span><\/label><\/span><\/span><\/span><br \/>\n<\/label>\n<\/p>\n<p><input class=\"wpcf7-form-control wpcf7-submit has-spinner\" type=\"submit\" value=\"Aplikuj\" \/>\n<\/p><div class=\"wpcf7-response-output\" aria-hidden=\"true\"><\/div>\n<\/form>\n<\/div>\n\n\n\n\n\n","protected":false},"excerpt":{"rendered":"","protected":false},"author":1,"featured_media":0,"parent":0,"menu_order":0,"comment_status":"closed","ping_status":"closed","template":"","meta":{"pagelayer_contact_templates":[],"_pagelayer_content":"","footnotes":""},"class_list":["post-157","page","type-page","status-publish","hentry"],"_links":{"self":[{"href":"https:\/\/welder.com.pl\/index.php?rest_route=\/wp\/v2\/pages\/157","targetHints":{"allow":["GET"]}}],"collection":[{"href":"https:\/\/welder.com.pl\/index.php?rest_route=\/wp\/v2\/pages"}],"about":[{"href":"https:\/\/welder.com.pl\/index.php?rest_route=\/wp\/v2\/types\/page"}],"author":[{"embeddable":true,"href":"https:\/\/welder.com.pl\/index.php?rest_route=\/wp\/v2\/users\/1"}],"replies":[{"embeddable":true,"href":"https:\/\/welder.com.pl\/index.php?rest_route=%2Fwp%2Fv2%2Fcomments&post=157"}],"version-history":[{"count":26,"href":"https:\/\/welder.com.pl\/index.php?rest_route=\/wp\/v2\/pages\/157\/revisions"}],"predecessor-version":[{"id":233,"href":"https:\/\/welder.com.pl\/index.php?rest_route=\/wp\/v2\/pages\/157\/revisions\/233"}],"wp:attachment":[{"href":"https:\/\/welder.com.pl\/index.php?rest_route=%2Fwp%2Fv2%2Fmedia&parent=157"}],"curies":[{"name":"wp","href":"https:\/\/api.w.org\/{rel}","templated":true}]}}